{"id":4,"date":"2015-05-14T20:27:42","date_gmt":"2015-05-14T20:27:42","guid":{"rendered":"https:\/\/rapido.se\/?page_id=4"},"modified":"2024-09-02T14:06:57","modified_gmt":"2024-09-02T12:06:57","slug":"startpage","status":"publish","type":"page","link":"https:\/\/rapido.se\/","title":{"rendered":""},"content":{"rendered":"<p><span class=\"subrubrik\"><\/span><\/p>\n<p>Rapido Motorcykelklubb Stockholm \u00e4r ett g\u00e4ng som gillar alla typer av motorcyklar. V\u00e5rt klubbhus ligger s\u00f6der om S\u00f6dermalm vid Gullmarsplan. Vi \u00e4r cirka 175 medlemmar som deltar och medverkar i olika aktiviteter \u00e5ret om. <br>Framf\u00f6rallt k\u00f6r vi v\u00e4ldigt mycket motorcykel \ud83c\udfcd<\/p>\n<p>Alla med ett motorcykelintresse \u00e4r v\u00e4lkomna och kan bli medlem i Rapido.<\/p>\n<p><strong><span class=\"subrubrik\">Medlemmar loggar in f\u00f6r att f\u00e5 all information.<\/span><\/strong><\/p>\n<p><\/p>\n<p>V\u00e5r klubbk\u00e5k p\u00e5 Skansbacken \u00e4r \u00f6ppen n\u00e4stan varje kv\u00e4ll \u00e5ret runt. Titta h\u00f6gst upp i h\u00f6germarginalen under &#8220;K\u00e5ken idag&#8221; p\u00e5 webbsidan. P\u00e5 mobilen f\u00e5r du scrolla ner lite.<\/p>\n<p>V\u00e4lkommen och titta in till oss p\u00e5 en kopp kaffe och en bit mat. Vi tar Swish.<\/p>\n<p><strong>Kom och kika p\u00e5 v\u00e5rt nyrenoverade vardagsrum. V\u00e4lkomna!<\/strong><\/p>\n\n<p><span style=\"font-size: 120%\">L\u00e4nk f\u00f6r att hitta till k\u00e5ken <a href=\"https:\/\/goo.gl\/Tlkhtv\" target=\"_blank\" rel=\"noopener noreferrer\">h\u00e4r!<\/a><\/span><\/p>\n<p><\/p>\n\n\n<hr class=\"wp-block-separator has-text-color has-background has-luminous-vivid-amber-background-color has-luminous-vivid-amber-color is-style-wide\" \/>\n\n\n\n<h4 class=\"wp-block-heading\">Kommande h\u00e4ndelser. Klicka p\u00e5 texten f\u00f6r att f\u00e5 mer info.<\/h4>\n\n\n\n<div class=\"rp-event event-list\">\n<div class=\"rp-event event\">\n<div onclick=\"rp_events_show_event(5109)\" style=\"cursor: pointer; display: inline-block;\"><table class=\"rp-event event-table\"><tr><td class='rp-event date'><div class=\"rp-event wday\">Fre<\/div><div>Maj 1<\/div><\/td><td class='rp-event content'><div class=\"rp-event title\">Hojtur<\/div><div class=\"rp-event shortDesc\">1:a maj blir det en hojtur.<\/div><\/td><\/tr><\/table><\/div>\n<\/div>\n<div class=\"rp-event event\">\n<div onclick=\"rp_events_show_event(5025)\" style=\"cursor: pointer; display: inline-block;\"><table class=\"rp-event event-table\"><tr><td class='rp-event date'><div class=\"rp-event wday\">M\u00e5n<\/div><div>Maj 4<\/div><\/td><td class='rp-event content'><div class=\"rp-event title\">M\u00e5nadsm\u00f6te Maj<\/div><div class=\"rp-event shortDesc\"><\/div><\/td><\/tr><\/table><\/div>\n<\/div>\n<div class=\"rp-event event\">\n<div onclick=\"rp_events_show_event(4995)\" style=\"cursor: pointer; display: inline-block;\"><table class=\"rp-event event-table\"><tr><td class='rp-event date'><div class=\"rp-event wday\">L\u00f6r<\/div><div>Maj 9<\/div><\/td><td class='rp-event content'><div class=\"rp-event title\">Klubbhuset st\u00e4ngt<\/div><div class=\"rp-event shortDesc\">Klubbhuset \u00e4r st\u00e4ngt 9\/5.<\/div><\/td><\/tr><\/table><\/div>\n<\/div>\n<div class=\"rp-event event\">\n<div onclick=\"rp_events_show_event(4907)\" style=\"cursor: pointer; display: inline-block;\"><table class=\"rp-event event-table\"><tr><td class='rp-event date'><div class=\"rp-event wday\">L\u00f6r<\/div><div>Maj 16<\/div><\/td><td class='rp-event content'><div class=\"rp-event title\">Klubbhuset bokat av medlem<\/div><div class=\"rp-event shortDesc\">Klubbhuset \u00e4r bokat av medlem.<\/div><\/td><\/tr><\/table><\/div>\n<\/div>\n<div class=\"rp-event event\">\n<div onclick=\"rp_events_show_event(4826)\" style=\"cursor: pointer; display: inline-block;\"><table class=\"rp-event event-table\"><tr><td class='rp-event date'><div class=\"rp-event wday\">L\u00f6r<\/div><div>Maj 23<\/div><\/td><td class='rp-event content'><div class=\"rp-event title\">\u00d6ppet Hus 2026 Rapido MCK och SMC Stockholm<\/div><div class=\"rp-event shortDesc\">Snart \u00e4r det dags f\u00f6r v\u00e5rens h\u00f6jdpunkt!\nKom och h\u00e4lsa p\u00e5 Stans mesta hojklubb, tr\u00e4ffa likasinnade, titta p\u00e5 hojar och f\u00e5 n\u00e5got gott i magen.<\/div><\/td><\/tr><\/table><\/div>\n<\/div>\n<div class=\"rp-event event\">\n<div onclick=\"rp_events_show_event(4904)\" style=\"cursor: pointer; display: inline-block;\"><table class=\"rp-event event-table\"><tr><td class='rp-event date'><div class=\"rp-event wday\">L\u00f6r<\/div><div>Maj 23<\/div><\/td><td class='rp-event content'><div class=\"rp-event title\">\u00c5terbruket K\u00f6p &amp; S\u00e4lj under Rapidos \u00d6ppna Hus<\/div><div class=\"rp-event shortDesc\">K\u00d6P&#8211; V\u00e4lj och vraka bland MC relaterade plagg och prylar.<\/div><\/td><\/tr><\/table><\/div>\n<\/div>\n<div class=\"rp-event event\">\n<div onclick=\"rp_events_show_event(5022)\" style=\"cursor: pointer; display: inline-block;\"><table class=\"rp-event event-table\"><tr><td class='rp-event date'><div class=\"rp-event wday\">Fre<\/div><div>Maj 29<\/div><\/td><td class='rp-event content'><div class=\"rp-event title\">V\u00e5rgrustur fredag till m\u00e5ndag<\/div><div class=\"rp-event shortDesc\">Nu \u00e4r det dags f\u00f6r v\u00e5rgrusturen!.<\/div><\/td><\/tr><\/table><\/div>\n<\/div>\n<div class=\"rp-event event\">\n<div onclick=\"rp_events_show_event(4868)\" style=\"cursor: pointer; display: inline-block;\"><table class=\"rp-event event-table\"><tr><td class='rp-event date'><div class=\"rp-event wday\">M\u00e5n<\/div><div>Jun 1<\/div><\/td><td class='rp-event content'><div class=\"rp-event title\">M\u00e5nadsm\u00f6te Juni<\/div><div class=\"rp-event shortDesc\"><\/div><\/td><\/tr><\/table><\/div>\n<\/div>\n<div class=\"rp-event event\">\n<div onclick=\"rp_events_show_event(4869)\" style=\"cursor: pointer; display: inline-block;\"><table class=\"rp-event event-table\"><tr><td class='rp-event date'><div class=\"rp-event wday\">L\u00f6r<\/div><div>Jun 13<\/div><\/td><td class='rp-event content'><div class=\"rp-event title\">Stockholmssnurren<\/div><div class=\"rp-event shortDesc\">Stockholmssnurren \u00e5teruppst\u00e5r efter n\u00e5gra \u00e5rs uppeh\u00e5ll.<\/div><\/td><\/tr><\/table><\/div>\n<\/div>\n<div class=\"rp-event event\">\n<div onclick=\"rp_events_show_event(4832)\" style=\"cursor: pointer; display: inline-block;\"><table class=\"rp-event event-table\"><tr><td class='rp-event date'><div class=\"rp-event wday\">M\u00e5n<\/div><div>Jul 6<\/div><\/td><td class='rp-event content'><div class=\"rp-event title\">Bank\u00f6rning f\u00f6r alla &#8211; Geller\u00e5sen<\/div><div class=\"rp-event shortDesc\">Har du aldrig k\u00f6rt p\u00e5 bana f\u00f6rut s\u00e5 passa p\u00e5 nu, Det finns inget b\u00e4ttre s\u00e4tt att l\u00e4ra k\u00e4nna sin hoj \u00e4n att under kontrollerade former k\u00f6ra p\u00e5 en motorbana och kunna f\u00e5<\/div><\/td><\/tr><\/table><\/div>\n<\/div>\n<div class=\"rp-event event\">\n<div onclick=\"rp_events_show_event(4833)\" style=\"cursor: pointer; display: inline-block;\"><table class=\"rp-event event-table\"><tr><td class='rp-event date'><div class=\"rp-event wday\">M\u00e5n<\/div><div>Aug 3<\/div><\/td><td class='rp-event content'><div class=\"rp-event title\">Bank\u00f6rning f\u00f6r alla &#8211; Kinnekulle Ring<\/div><div class=\"rp-event shortDesc\">Har du aldrig k\u00f6rt p\u00e5 bana f\u00f6rut s\u00e5 passa p\u00e5 nu, Det finns inget b\u00e4ttre s\u00e4tt att l\u00e4ra k\u00e4nna sin hoj \u00e4n att under kontrollerade former k\u00f6ra p\u00e5 en motorbana och kunna f\u00e5<\/div><\/td><\/tr><\/table><\/div>\n<\/div>\n<div class=\"rp-event event\">\n<div onclick=\"rp_events_show_event(4871)\" style=\"cursor: pointer; display: inline-block;\"><table class=\"rp-event event-table\"><tr><td class='rp-event date'><div class=\"rp-event wday\">M\u00e5n<\/div><div>Aug 10<\/div><\/td><td class='rp-event content'><div class=\"rp-event title\">M\u00e5nadsm\u00f6te Aug<\/div><div class=\"rp-event shortDesc\"><\/div><\/td><\/tr><\/table><\/div>\n<\/div>\n<div class=\"rp-event event\">\n<div onclick=\"rp_events_show_event(4936)\" style=\"cursor: pointer; display: inline-block;\"><table class=\"rp-event event-table\"><tr><td class='rp-event date'><div class=\"rp-event wday\">L\u00f6r<\/div><div>Aug 15<\/div><\/td><td class='rp-event content'><div class=\"rp-event title\">Klubbk\u00e5ken abonnerad av medlem<\/div><div class=\"rp-event shortDesc\">Klubbhuset \u00e4r abonnerat av medlem och inte \u00f6ppet.<\/div><\/td><\/tr><\/table><\/div>\n<\/div>\n<div class=\"rp-event event\">\n<div onclick=\"rp_events_show_event(4875)\" style=\"cursor: pointer; display: inline-block;\"><table class=\"rp-event event-table\"><tr><td class='rp-event date'><div class=\"rp-event wday\">L\u00f6r<\/div><div>Aug 15<\/div><\/td><td class='rp-event content'><div class=\"rp-event title\">M\u00e4laren Runt<\/div><div class=\"rp-event shortDesc\"><\/div><\/td><\/tr><\/table><\/div>\n<\/div>\n<div class=\"rp-event event\">\n<div onclick=\"rp_events_show_event(5082)\" style=\"cursor: pointer; display: inline-block;\"><table class=\"rp-event event-table\"><tr><td class='rp-event date'><div class=\"rp-event wday\">S\u00f6n<\/div><div>Aug 16<\/div><\/td><td class='rp-event content'><div class=\"rp-event title\">Klubbhuset \u00e4r abonnerat av medlem<\/div><div class=\"rp-event shortDesc\">Klubbhuset \u00e4r st\u00e4ngt, v\u00e4lkommen en annan dag.<\/div><\/td><\/tr><\/table><\/div>\n<\/div>\n<div class=\"rp-event event\">\n<div onclick=\"rp_events_show_event(4908)\" style=\"cursor: pointer; display: inline-block;\"><table class=\"rp-event event-table\"><tr><td class='rp-event date'><div class=\"rp-event wday\">L\u00f6r<\/div><div>Aug 29<\/div><\/td><td class='rp-event content'><div class=\"rp-event title\">Klubhuset bokat av medlem<\/div><div class=\"rp-event shortDesc\">Klubbhuset bokat av medlem.<\/div><\/td><\/tr><\/table><\/div>\n<\/div>\n<div class=\"rp-event event\">\n<div onclick=\"rp_events_show_event(4876)\" style=\"cursor: pointer; display: inline-block;\"><table class=\"rp-event event-table\"><tr><td class='rp-event date'><div class=\"rp-event wday\">L\u00f6r<\/div><div>Sep 5<\/div><\/td><td class='rp-event content'><div class=\"rp-event title\">Rebusjakten 2026 &#8211; endast f\u00f6r medlemmar<\/div><div class=\"rp-event shortDesc\">Rebusen \u00e4r en helgutflykt till hemligt m\u00e5l p\u00e5 utm\u00e4rkta hojv\u00e4gar, mer info kommer.<\/div><\/td><\/tr><\/table><\/div>\n<\/div>\n<div class=\"rp-event event\">\n<div onclick=\"rp_events_show_event(4878)\" style=\"cursor: pointer; display: inline-block;\"><table class=\"rp-event event-table\"><tr><td class='rp-event date'><div class=\"rp-event wday\">M\u00e5n<\/div><div>Sep 7<\/div><\/td><td class='rp-event content'><div class=\"rp-event title\">M\u00e5nadsm\u00f6te Sept<\/div><div class=\"rp-event shortDesc\"><\/div><\/td><\/tr><\/table><\/div>\n<\/div>\n<div class=\"rp-event event\">\n<div onclick=\"rp_events_show_event(4882)\" style=\"cursor: pointer; display: inline-block;\"><table class=\"rp-event event-table\"><tr><td class='rp-event date'><div class=\"rp-event wday\">M\u00e5n<\/div><div>Okt 5<\/div><\/td><td class='rp-event content'><div class=\"rp-event title\">M\u00e5nadsm\u00f6te Okt<\/div><div class=\"rp-event shortDesc\"><\/div><\/td><\/tr><\/table><\/div>\n<\/div>\n<div class=\"rp-event event\">\n<div onclick=\"rp_events_show_event(4883)\" style=\"cursor: pointer; display: inline-block;\"><table class=\"rp-event event-table\"><tr><td class='rp-event date'><div class=\"rp-event wday\">L\u00f6r<\/div><div>Okt 10<\/div><\/td><td class='rp-event content'><div class=\"rp-event title\">H\u00f6stst\u00e4dning<\/div><div class=\"rp-event shortDesc\"><\/div><\/td><\/tr><\/table><\/div>\n<\/div>\n<div class=\"rp-event event\">\n<div onclick=\"rp_events_show_event(4887)\" style=\"cursor: pointer; display: inline-block;\"><table class=\"rp-event event-table\"><tr><td class='rp-event date'><div class=\"rp-event wday\">M\u00e5n<\/div><div>Nov 2<\/div><\/td><td class='rp-event content'><div class=\"rp-event title\">M\u00e5nadsm\u00f6te Nov<\/div><div class=\"rp-event shortDesc\"><\/div><\/td><\/tr><\/table><\/div>\n<\/div>\n<div class=\"rp-event event\">\n<div onclick=\"rp_events_show_event(4889)\" style=\"cursor: pointer; display: inline-block;\"><table class=\"rp-event event-table\"><tr><td class='rp-event date'><div class=\"rp-event wday\">M\u00e5n<\/div><div>Dec 7<\/div><\/td><td class='rp-event content'><div class=\"rp-event title\">M\u00e5nadsm\u00f6te Dec<\/div><div class=\"rp-event shortDesc\"><\/div><\/td><\/tr><\/table><\/div>\n<\/div>\n<\/div>\n","protected":false},"excerpt":{"rendered":"<p>V\u00e5r klubbk\u00e5k p\u00e5 Skansbacken \u00e4r \u00f6ppen n\u00e4stan varje kv\u00e4ll \u00e5ret runt. Titta h\u00f6gst upp i h\u00f6germarginalen under &#8220;K\u00e5ken idag&#8221; p\u00e5 webbsidan. P\u00e5 mobilen f\u00e5r du scrolla ner lite. V\u00e4lkommen och titta in till oss p\u00e5 en kopp kaffe och en bit mat. Vi tar Swish. Kom och kika p\u00e5 v\u00e5rt nyrenoverade vardagsrum. V\u00e4lkomna! Kommande h\u00e4ndelser. &hellip; <\/p>\n","protected":false},"author":1,"featured_media":0,"parent":0,"menu_order":0,"comment_status":"open","ping_status":"open","template":"","meta":{"_acf_changed":false,"footnotes":""},"class_list":["post-4","page","type-page","status-publish","hentry","entry"],"acf":[],"_links":{"self":[{"href":"https:\/\/rapido.se\/index.php?rest_route=\/wp\/v2\/pages\/4","targetHints":{"allow":["GET"]}}],"collection":[{"href":"https:\/\/rapido.se\/index.php?rest_route=\/wp\/v2\/pages"}],"about":[{"href":"https:\/\/rapido.se\/index.php?rest_route=\/wp\/v2\/types\/page"}],"author":[{"embeddable":true,"href":"https:\/\/rapido.se\/index.php?rest_route=\/wp\/v2\/users\/1"}],"replies":[{"embeddable":true,"href":"https:\/\/rapido.se\/index.php?rest_route=%2Fwp%2Fv2%2Fcomments&post=4"}],"version-history":[{"count":173,"href":"https:\/\/rapido.se\/index.php?rest_route=\/wp\/v2\/pages\/4\/revisions"}],"predecessor-version":[{"id":4222,"href":"https:\/\/rapido.se\/index.php?rest_route=\/wp\/v2\/pages\/4\/revisions\/4222"}],"wp:attachment":[{"href":"https:\/\/rapido.se\/index.php?rest_route=%2Fwp%2Fv2%2Fmedia&parent=4"}],"curies":[{"name":"wp","href":"https:\/\/api.w.org\/{rel}","templated":true}]}}