{"id":296,"date":"2016-10-12T19:52:16","date_gmt":"2016-10-12T17:52:16","guid":{"rendered":"https:\/\/rapido.se\/?page_id=296"},"modified":"2020-04-22T22:09:16","modified_gmt":"2020-04-22T20:09:16","slug":"om-rapido-mck-stockholm","status":"publish","type":"page","link":"https:\/\/rapido.se\/?page_id=296","title":{"rendered":"Om Rapido MCK Stockholm"},"content":{"rendered":"<h4>\u00a0<\/h4>\n<p>Rapido \u00e4r en klubb d\u00e4r det gemensamma intresset \u00e4r att k\u00f6ra motorcykel och allt annat som kretsar kring motorcykel-livet. MC-intresset \u00e4r stort och sp\u00e4nnvidden mellan olika sorters motorcyklar\/k\u00f6rstilar \u00e4r stor, en del \u00e4r nya som hoj\u00e5kare, andra har k\u00f6rt l\u00e4nge. Men oavsett \u00e5lder och erfarenhet s\u00e5 har vi kul tillsammans under hojs\u00e4songen. \u00c4ven under vintern d\u00e5 m\u00e5nga av oss forts\u00e4tter umg\u00e5s \u00f6ver en fika, bes\u00f6ker mcm\u00e4ssor eller vid andra festliga tillf\u00e4llen.<\/p>\n<h4>Varf\u00f6r bli medlem?<\/h4>\n<p>Klubben, men framf\u00f6rallt medlemmarna sj\u00e4lva, arrangerar m\u00e5nga olika aktiviteter, s\u00e5 det \u00e4r r\u00e4tt st\u00e4lle att tr\u00e4ffa likasinnade, h\u00e4nga med p\u00e5 hojk\u00f6rningar p\u00e5 kanonv\u00e4gar du inte trodde fanns, bank\u00f6rningar, MC-tr\u00e4ffar och mycket mer. Du \u00e4r mer \u00e4n v\u00e4lkommen att titta f\u00f6rbi p\u00e5 en fika, kanske h\u00e4nga med p\u00e5 en hojrunda f\u00f6r att se om det h\u00e4r \u00e4r klubben f\u00f6r dig.<\/p>\n<p>Meningen med Rapido \u00e4r givetvis f\u00f6rst och fr\u00e4mst att kunna tr\u00e4ffa och l\u00e4ra k\u00e4nna andra hoj\u00e5kare utan n\u00e5gra st\u00f6rre f\u00f6rpliktelser, utom med ett litet undantag: Rapido har ett suver\u00e4nt klubbhus som \u00e4r \u00f6ppet varje kv\u00e4ll och int\u00e4kterna fr\u00e5n medlemsserveringen g\u00f6r att vi har r\u00e5d att betala hyran. F\u00f6r att serveringen ska fungera s\u00e5 f\u00f6rv\u00e4ntas det av dig som medlem att du hj\u00e4lper till d\u00e4r 3-4 ggr per \u00e5r, inte s\u00e5 betungande med tanke p\u00e5 att man kan vara \u201dg\u00e4st\u201d resten av \u00e5ret!<\/p>\n<h4>Anslutna till SMC och SVEMO<\/h4>\n<p>Medlemmarnas hojintresse str\u00e4cker sig fr\u00e5n k\u00f6rning p\u00e5 alla underlag till t\u00e4vling, d\u00e4rf\u00f6r \u00e4r Rapido som klubb ansluten till b\u00e5de SMC, Sveriges Motorcyklister och Svemo, Svenska Motorcykel- och Sn\u00f6skoterf\u00f6rbundet. M\u00e5nga medlemmar \u00e4r anslutna till SMC, g\u00e5 in p\u00e5 <a href=\"http:\/\/www.svmc.se\">www.svmc.se<\/a> f\u00f6r information hur du ansluter dig till SMC. T\u00e4vlar du inom mc-sporten kan du representera Rapido, g\u00e5 in p\u00e5 <a href=\"http:\/\/www.svemo.se\">www.svemo.se<\/a> f\u00f6r mer information.<\/p>\n<h4>Klubbens historia<\/h4>\n<p>Rapido bildades redan 1977 av ett g\u00e4ng unga hoj\u00e5kare som tr\u00f6ttnat p\u00e5 att fara omkring p\u00e5 stan utan att ha en egen samlingspunkt. Namnet p\u00e5 klubben blev &#8220;My Motorcykelklubb Stockholm&#8221; och ganska omg\u00e5ende fick man tillg\u00e5ng till en lokal vid Eolsh\u00e4llsg\u00e5rden i H\u00e4gersten. D\u00e4r h\u00f6ll man till en period \u00e4nda fram tills att klubben av n\u00e5got sk\u00e4l blev utsparkad.<\/p>\n<p>Efter en tid s\u00e5 fick en medlem upp \u00f6gonen f\u00f6r det nuvarande klubbhuset. H\u00f6sten 1980 fick klubben till sist klartecken att hyra fastigheten men det dr\u00f6jde \u00e4nda fram till v\u00e5ren 1981 innan Stockholms Stad tog beslut om pengar till en renovering. Omg\u00e5ende efter det p\u00e5b\u00f6rjade klubbens medlemmar renoveringsarbetet och i samband med det bytte klubben namn till Stockholms Motorcykelklubb Rapido. Och i slutet av 2016 \u00e4ndrades namnet till Rapido Motorcykelklubb Stockholm.<\/p>\n<h4>Hur drivs och sk\u00f6ts klubben?<\/h4>\n<p>Rapido \u00e4r en ideell f\u00f6rening d\u00e4r en av dom viktigaste m\u00e5ls\u00e4ttningarna \u00e4r -\u201dAtt bedriva aktiv motorcykel\u00e5kning.\u201d H\u00f6gsta beslutande organ \u00e4r \u00e5rsm\u00f6tet d\u00e4r det v\u00e4ljs en styrelse som under \u00e5ret har som uppgift att grovplanera verksamheten, h\u00e5lla koll p\u00e5 ekonomin, ta beslut om fr\u00e5gor som kommer upp. Varje m\u00e5nad \u00e4r det medlemsm\u00f6te d\u00e4r styrelsen informerar om aktiviteter och andra fr\u00e5gor. P\u00e5 m\u00f6tet kan medlemmarna ta upp egna fr\u00e5gor. Rapido har inga som helst bidrag och hyr klubbhuset av Stockholms stad. Int\u00e4kterna best\u00e5r av medlemsavgifter och inkomster fr\u00e5n serveringen. Klubben sk\u00f6ter sj\u00e4lv allt inre underh\u00e5ll av klubbhuset och dess omgivningar.<\/p>\n\n\n<p><\/p>\n","protected":false},"excerpt":{"rendered":"<p>\u00a0 Rapido \u00e4r en klubb d\u00e4r det gemensamma intresset \u00e4r att k\u00f6ra motorcykel och allt annat som kretsar kring motorcykel-livet. MC-intresset \u00e4r stort och sp\u00e4nnvidden mellan olika sorters motorcyklar\/k\u00f6rstilar \u00e4r stor, en del \u00e4r nya som hoj\u00e5kare, andra har k\u00f6rt l\u00e4nge. Men oavsett \u00e5lder och erfarenhet s\u00e5 har vi kul tillsammans under hojs\u00e4songen. \u00c4ven under &hellip; <\/p>\n","protected":false},"author":1,"featured_media":0,"parent":0,"menu_order":0,"comment_status":"closed","ping_status":"closed","template":"","meta":{"_acf_changed":false,"footnotes":""},"class_list":["post-296","page","type-page","status-publish","hentry","entry"],"acf":[],"_links":{"self":[{"href":"https:\/\/rapido.se\/index.php?rest_route=\/wp\/v2\/pages\/296","targetHints":{"allow":["GET"]}}],"collection":[{"href":"https:\/\/rapido.se\/index.php?rest_route=\/wp\/v2\/pages"}],"about":[{"href":"https:\/\/rapido.se\/index.php?rest_route=\/wp\/v2\/types\/page"}],"author":[{"embeddable":true,"href":"https:\/\/rapido.se\/index.php?rest_route=\/wp\/v2\/users\/1"}],"replies":[{"embeddable":true,"href":"https:\/\/rapido.se\/index.php?rest_route=%2Fwp%2Fv2%2Fcomments&post=296"}],"version-history":[{"count":9,"href":"https:\/\/rapido.se\/index.php?rest_route=\/wp\/v2\/pages\/296\/revisions"}],"predecessor-version":[{"id":1527,"href":"https:\/\/rapido.se\/index.php?rest_route=\/wp\/v2\/pages\/296\/revisions\/1527"}],"wp:attachment":[{"href":"https:\/\/rapido.se\/index.php?rest_route=%2Fwp%2Fv2%2Fmedia&parent=296"}],"curies":[{"name":"wp","href":"https:\/\/api.w.org\/{rel}","templated":true}]}}