{"id":167,"date":"2016-04-12T19:45:39","date_gmt":"2016-04-12T17:45:39","guid":{"rendered":"https:\/\/rapido.se\/?page_id=167"},"modified":"2020-05-04T21:40:51","modified_gmt":"2020-05-04T19:40:51","slug":"aktiviteter","status":"publish","type":"page","link":"https:\/\/rapido.se\/?page_id=167","title":{"rendered":"Aktiviteter"},"content":{"rendered":"<p>Aktiviteter \u00e5ret runt<\/p>\n<p>Hos Rapido \u00e4r det aktivitet \u00e5ret runt, b\u00e5de med och utan hoj. M\u00e5nga aktiviteter arrangeras p\u00e5 eget initiativ av klubbens medlemmar s\u00e5 det finns alltid plats f\u00f6r just dig att bidra med n\u00e5got nytt! St\u00f6rre aktiviteter brukar samordnas och\/eller arrangeras av styrelsen tillsammans med medlemmarna.<\/p>\n<p>Aktuella aktiviteter<\/p>\n<p>Information om aktuella aktiviteter finns framf\u00f6rallt i Aktivitetskalendern och p\u00e5 Rapidos facebooksida samt p\u00e5 anslagstavlan i klubbhuset. Efter medlemsinloggning har alla medlemmar tillg\u00e5ng till en helt\u00e4ckande Aktivitetskalender, inklusive m\u00f6jlighet att sj\u00e4lv l\u00e4gga upp nya aktiviteter och\/eller sprida information till alla medlemmar via e-postlistor.<\/p>\n<p>Sommartid \u2013 exempel p\u00e5 aktiviteter<\/p>\n<ul>\n<li>Dags- och kv\u00e4llsturer p\u00e5 h\u00e4rliga krokv\u00e4gar.<\/li>\n<li>Mc-turer med \u00f6vernattning.<\/li>\n<li>Badkv\u00e4llar om v\u00e4dret till\u00e5ter.<\/li>\n<li>Grillkv\u00e4llar vid klubbk\u00e5ken.<\/li>\n<li>Vi \u00e5ker p\u00e5 MC-tr\u00e4ffar och aktiviteter.<\/li>\n<li>MC-turer p\u00e5 h\u00e4rliga grusv\u00e4gar.<\/li>\n<li>Bank\u00f6rning p\u00e5 hyrd bana, kul och l\u00e4rorikt.<\/li>\n<li>V\u00e5r- och h\u00f6stst\u00e4dning av klubbhus med omgivningar.<\/li>\n<li>Gemensamma resor till olika mc-t\u00e4vlingar, tex SM i roadracing.<\/li>\n<li>Rebusjakten, helgtur p\u00e5 krokigaste v\u00e4garna med \u00f6vernattning p\u00e5 ok\u00e4nt slutm\u00e5l.<\/li>\n<li>Klubbfester.<\/li>\n<li>Vi arrangerar \u00d6ppet Hus p\u00e5 klubben d\u00e4r vi visar upp klubben lite extra.<\/li>\n<li>StockholmsSnurren, ett &#8220;MC-Rally&#8221; \u00f6ppet f\u00f6r alla hoj\u00e5kare!<\/li>\n<\/ul>\n<p>Vintertid \u2013 exempel p\u00e5 aktiviteter<\/p>\n<ul>\n<li>En del k\u00f6r \u00e4ven hoj p\u00e5 vintern.<\/li>\n<li>En massa kaffe och ljug om s\u00e4songen som g\u00e5tt.<\/li>\n<li>Dart, spel och kanske en videokv\u00e4ll.<\/li>\n<li>Pubrundor med klubbkompisarna.<\/li>\n<li>Bes\u00f6k till utst\u00e4llningar p\u00e5 MC Collection.<\/li>\n<li>Klubbt\u00e4vling p\u00e5 minimotorcyklar eller gocart.<\/li>\n<li>Klubbfester.<\/li>\n<li>Det har \u00e4ven h\u00e4nt att vi \u00e5ker skidor och skridskor.<\/li>\n<\/ul>\n\n\n<p><\/p>\n","protected":false},"excerpt":{"rendered":"<p>Aktiviteter \u00e5ret runt Hos Rapido \u00e4r det aktivitet \u00e5ret runt, b\u00e5de med och utan hoj. M\u00e5nga aktiviteter arrangeras p\u00e5 eget initiativ av klubbens medlemmar s\u00e5 det finns alltid plats f\u00f6r just dig att bidra med n\u00e5got nytt! St\u00f6rre aktiviteter brukar samordnas och\/eller arrangeras av styrelsen tillsammans med medlemmarna. Aktuella aktiviteter Information om aktuella aktiviteter finns &hellip; <\/p>\n","protected":false},"author":1,"featured_media":0,"parent":0,"menu_order":0,"comment_status":"closed","ping_status":"closed","template":"","meta":{"_acf_changed":false,"footnotes":""},"class_list":["post-167","page","type-page","status-publish","hentry","entry"],"acf":[],"_links":{"self":[{"href":"https:\/\/rapido.se\/index.php?rest_route=\/wp\/v2\/pages\/167","targetHints":{"allow":["GET"]}}],"collection":[{"href":"https:\/\/rapido.se\/index.php?rest_route=\/wp\/v2\/pages"}],"about":[{"href":"https:\/\/rapido.se\/index.php?rest_route=\/wp\/v2\/types\/page"}],"author":[{"embeddable":true,"href":"https:\/\/rapido.se\/index.php?rest_route=\/wp\/v2\/users\/1"}],"replies":[{"embeddable":true,"href":"https:\/\/rapido.se\/index.php?rest_route=%2Fwp%2Fv2%2Fcomments&post=167"}],"version-history":[{"count":5,"href":"https:\/\/rapido.se\/index.php?rest_route=\/wp\/v2\/pages\/167\/revisions"}],"predecessor-version":[{"id":1618,"href":"https:\/\/rapido.se\/index.php?rest_route=\/wp\/v2\/pages\/167\/revisions\/1618"}],"wp:attachment":[{"href":"https:\/\/rapido.se\/index.php?rest_route=%2Fwp%2Fv2%2Fmedia&parent=167"}],"curies":[{"name":"wp","href":"https:\/\/api.w.org\/{rel}","templated":true}]}}