{"id":127,"date":"2016-01-19T19:25:53","date_gmt":"2016-01-19T18:25:53","guid":{"rendered":"https:\/\/rapido.se\/?page_id=127"},"modified":"2024-03-04T21:52:29","modified_gmt":"2024-03-04T19:52:29","slug":"om-klubbkaken","status":"publish","type":"page","link":"https:\/\/rapido.se\/?page_id=127","title":{"rendered":"Klubbk\u00e5ken p\u00e5 Skansbacken"},"content":{"rendered":"<h5><strong>Vi har \u00f6ppet n\u00e4stan varje kv\u00e4ll<br \/>\n<\/strong><strong>(Kontrollera i h\u00f6germarginalen under &#8220;K\u00e5ken idag&#8221; om det \u00e4r \u00f6ppet just idag. I mobilen m\u00e5ste du scrolla ner en bit)<\/strong><\/h5>\n<hr \/>\n<p style=\"text-align: center\">S\u00f6ndag-torsdag 18.00-21.00<br \/>\nFredag-l\u00f6rdag 18.00-22.00<\/p>\n<p style=\"text-align: center\">Under hojs\u00e4songen, maj-september, \u00f6ppnar vi redan kl.16.00 l\u00f6rdag-s\u00f6ndag!<\/p>\n<p style=\"text-align: center\">Vid st\u00f6rre klubbaktiviteter samt kring jul och midsommar kan det vara st\u00e4ngt.<\/p>\n<p><a href=\"https:\/\/rapido.se\/wp-content\/uploads\/2020\/11\/Oppna-ytor-och-grillplats.jpg\"><img loading=\"lazy\" decoding=\"async\" class=\"alignnone  wp-image-2194\" src=\"https:\/\/rapido.se\/wp-content\/uploads\/2020\/11\/Oppna-ytor-och-grillplats.jpg\" alt=\"\" width=\"490\" height=\"343\" \/><\/a><\/p>\n<h6>N\u00e4stan mitt inne i stan<\/h6>\n<p>Rapidos klubbhus ligger centralt, strax s\u00f6der om S\u00f6dermalm n\u00e4ra Gullmarsplan, vilket g\u00f6r att det \u00e4r enkelt att ta sig dit b\u00e5de sommar och vinter.<br \/>\n<a href=\"https:\/\/rapido.se\/wp-content\/uploads\/2020\/11\/Oppet-aret-runt.jpg\"><img loading=\"lazy\" decoding=\"async\" class=\"alignnone  wp-image-2193\" src=\"https:\/\/rapido.se\/wp-content\/uploads\/2020\/11\/Oppet-aret-runt.jpg\" alt=\"\" width=\"483\" height=\"338\" \/><\/a><\/p>\n<h6>Samlingspunkt \u00e5ret runt<\/h6>\n<p>Klubbhuset \u00e4r en samlingspunkt \u00e5ret runt f\u00f6r medlemmar och andra hoj\u00e5kare som kommer f\u00f6rbi p\u00e5 en fika, l\u00e4sa hojtidningar eller bara f\u00f6r att prata\/umg\u00e5s.<\/p>\n<p><a href=\"https:\/\/rapido.se\/wp-content\/uploads\/2024\/03\/20230525_212450.jpg\"><img loading=\"lazy\" decoding=\"async\" class=\"alignnone wp-image-3951 size-full\" src=\"https:\/\/rapido.se\/wp-content\/uploads\/2024\/03\/20230525_212450.jpg\" alt=\"\" width=\"4032\" height=\"2268\" \/><\/a><\/p>\n<h6>Serveringen<\/h6>\n<p>Klubbhuset och serveringen \u00e4r \u00f6ppen varje kv\u00e4ll och sk\u00f6ts av samtliga medlemmar som hj\u00e4lper till ungef\u00e4r 3-4 g\u00e5nger per \u00e5r.<\/p>\n<p>I serveringen finns det kaffe, l\u00e4sk, fikabr\u00f6d, godis, hamburgare och varma mackor, allt till l\u00e5ga &#8220;hoj\u00e5karpriser&#8221;. Vi som tycker att det \u00e4r dyrt med tidningar har dessutom m\u00f6jlighet att l\u00e4sa de flesta svenska hojtidningarna helt gratis :-)Vid st\u00f6rre klubbaktiviteter samt kring jul och midsommar kan det vara st\u00e4ngt.<\/p>\n<h6>Renoveringen 1980-1982<\/h6>\n<p style=\"text-align: left\">H\u00f6sten 1980, efter tv\u00e5 \u00e5rs f\u00f6rhandlingar fick Rapido fastighetskontorets godk\u00e4nnande att hyra huset som d\u00e5 st\u00e5tt helt oanv\u00e4nt i cirka 10 \u00e5r och bara f\u00f6rfallit.<\/p>\n<p><a href=\"https:\/\/rapido.se\/wp-content\/uploads\/2020\/11\/Igenbommat-1980....jpg\"><img loading=\"lazy\" decoding=\"async\" class=\"alignnone  wp-image-2191\" src=\"https:\/\/rapido.se\/wp-content\/uploads\/2020\/11\/Igenbommat-1980....jpg\" alt=\"\" width=\"410\" height=\"287\" \/><\/a><\/p>\n<p>Fr\u00e5n vintern 1980\/81 fram till v\u00e5ren 1982 genomf\u00f6rde Rapidos medlemmar p\u00e5 egen hand och under lediga stunder den genomgripande renovering som gett huset det nuvarande utseendet. Material och vissa specialarbeten som takl\u00e4ggning bekostades av fastighetskontoret.<\/p>\n<p><a href=\"https:\/\/rapido.se\/wp-content\/uploads\/2020\/11\/foljdes-av-2-ars-renovering.jpg\"><img loading=\"lazy\" decoding=\"async\" class=\"alignnone  wp-image-2189\" src=\"https:\/\/rapido.se\/wp-content\/uploads\/2020\/11\/foljdes-av-2-ars-renovering.jpg\" alt=\"\" width=\"406\" height=\"284\" \/><\/a><\/p>\n<h6>Renoveringarna 1991-1996<\/h6>\n<p style=\"text-align: left\">November-december 1991 renoverades \u00e5terigen hall, stora rummet och serveringsrum med ny f\u00e4rg, nytt golv, ny elektrisk utrustning, och vissa ombyggnationer, denna g\u00e5ng helt utan pengar fr\u00e5n staden. I December 1995 kunde vi efter fem \u00e5rs sparande installera en braskamin som ger l\u00e4gre uppv\u00e4rmningskostnader samt \u00e4r v\u00e4ldigt hemtrevlig \ud83d\ude42<\/p>\n<h6>Renoveringarna 1996-2001<\/h6>\n<p style=\"text-align: left\">Vintern 1997\/98 renoverades k\u00f6ket som stort sett varit of\u00f6r\u00e4ndrat sedan 1981. Vi har nu ett k\u00f6k som \u00e4r l\u00e4tt att h\u00e5lla rent och \u00e4r trevligt att arbeta i. Vintern 2001 renoverades \u00e4nnu en g\u00e5ng husets stora rum, ny f\u00e4rg p\u00e5 v\u00e4ggarna, ny m\u00f6blering med nya m\u00f6bler och belysning.<\/p>\n<h5 style=\"text-align: left\"><strong>Historian om v\u00e4rdshuset som blev mc-klubb<\/strong><\/h5>\n<p><i><a href=\"https:\/\/rapido.se\/wp-content\/uploads\/2020\/11\/Historian-om-vardshuset-som-blev-mc-klubb.jpg\"><img loading=\"lazy\" decoding=\"async\" class=\"alignnone  wp-image-2190\" src=\"https:\/\/rapido.se\/wp-content\/uploads\/2020\/11\/Historian-om-vardshuset-som-blev-mc-klubb-300x179.jpg\" alt=\"\" width=\"391\" height=\"233\" srcset=\"https:\/\/rapido.se\/wp-content\/uploads\/2020\/11\/Historian-om-vardshuset-som-blev-mc-klubb-300x179.jpg 300w, https:\/\/rapido.se\/wp-content\/uploads\/2020\/11\/Historian-om-vardshuset-som-blev-mc-klubb.jpg 350w\" sizes=\"auto, (max-width: 391px) 100vw, 391px\" \/><\/a>-Det \u00e4r uppenbart att g\u00e5rden vid Nedre Skanskvarn fr\u00e5n 1700-talets mitt till 1838 fr\u00e4mst hade betydelse som det f\u00f6rsta v\u00e4rdshuset utanf\u00f6r s\u00f6dra tullen.<\/i>Den \u00e4ldsta k\u00e4nda handlingen r\u00f6rande v\u00e5rt klubbhus \u00e4r ett landsh\u00f6vdinge\u00e4mbetes utslag av den 19 mars 1762, enligt vilken \u00e4garen till Enskede g\u00e5rd fick tillst\u00e5nd att upps\u00e4tta ett krogst\u00e4lle p\u00e5 h\u00f6gra sidan av landsv\u00e4gen mot villkor att innehavaren &#8220;skall hafva inseende och ther\u00f6fver v\u00e5rd att vanartigt folk icke genom sandh\u00e4mtande vidare undergr\u00e4fva och f\u00f6rderfva den therf\u00f6rbig\u00e5ende allm\u00e4nna landsv\u00e4gen&#8221;.<\/p>\n<p>Men med tiden blev v\u00e4rdshusets rykte allt mer skamfilat. Krogens placering utanf\u00f6r Stockholms tull och utom r\u00e4ckh\u00e5ll f\u00f6r stadens polis gjorde den till en tidvis ganska skum plats. H\u00e4r kunde diverse ljusskygga individer vistas i fred, tjuvgods bytte \u00e4gare och l\u00f6nnbr\u00e4nd sprit s\u00e5ldes allt som oftast. Till bilden av trakten h\u00f6r ocks\u00e5 g\u00e5rden Skansberg, mittemot klubbhuset. P\u00e5 Skansberg hade man l\u00e5nga tider ett slakteri. Med sina vilt supande slaktardr\u00e4ngar som st\u00e4ndigt var i slagsm\u00e5l, och med de blodt\u00f6rstigt rytande slaktarhundarna, samt en och annan h\u00f6gljudd grisslakt p\u00e5 repertoaren utgjorde g\u00e5rden ett markant och ganska st\u00f6rande inslag i milj\u00f6n. N\u00e4r krogtillst\u00e5ndet drogs in 1838 blev det n\u00e5got lugnare i trakten.<\/p>\n<p>N\u00e4rheten till kyrkog\u00e5rden strax s\u00f6der om huset satte ocks\u00e5 sin pr\u00e4gel p\u00e5 trakten. F\u00f6rsta g\u00e5ngen den anv\u00e4ndes var 1808 d\u00e5 Sverige var i krig med b\u00e5de Danmark och Ryssland. Omr\u00e5det ans\u00e5gs l\u00e4mpligt d\u00e4rf\u00f6r att marken bestod av l\u00f6s sand som var l\u00e4tt att gr\u00e4va i. &#8220;Men begravningarna skall hava g\u00e5tt l\u00e4ttsinnigt till.&#8221;, uppgav en d\u00e5tida rapport\u00f6r. P\u00e5 1830-talet, utbr\u00f6t en koleraepedemi i Stockholm, \u00e5terigen rullade likvagnarna f\u00f6rbi i en st\u00e4ndig str\u00f6m och d\u00f6dgr\u00e4varen i andra \u00e4ndan av parken fick slita n\u00e4tterna igenom. D\u00e4rf\u00f6r det i folkmun anv\u00e4nda namnet &#8220;Kolerakyrkog\u00e5rden&#8221;.<\/p>\n<p style=\"text-align: left\">\/\/<a href=\"https:\/\/rapido.se\/?attachment_id=1729\" target=\"_blank\" rel=\"noopener noreferrer\">L\u00c4NK TILL PDF FIL OM KLUBBHUSET<\/a>\/\/<\/p>\n","protected":false},"excerpt":{"rendered":"<p>Vi har \u00f6ppet n\u00e4stan varje kv\u00e4ll (Kontrollera i h\u00f6germarginalen under &#8220;K\u00e5ken idag&#8221; om det \u00e4r \u00f6ppet just idag. I mobilen m\u00e5ste du scrolla ner en bit) S\u00f6ndag-torsdag 18.00-21.00 Fredag-l\u00f6rdag 18.00-22.00 Under hojs\u00e4songen, maj-september, \u00f6ppnar vi redan kl.16.00 l\u00f6rdag-s\u00f6ndag! Vid st\u00f6rre klubbaktiviteter samt kring jul och midsommar kan det vara st\u00e4ngt. N\u00e4stan mitt inne i stan &hellip; <\/p>\n","protected":false},"author":1,"featured_media":0,"parent":0,"menu_order":0,"comment_status":"closed","ping_status":"closed","template":"","meta":{"_acf_changed":false,"footnotes":""},"class_list":["post-127","page","type-page","status-publish","hentry","entry"],"acf":[],"_links":{"self":[{"href":"https:\/\/rapido.se\/index.php?rest_route=\/wp\/v2\/pages\/127","targetHints":{"allow":["GET"]}}],"collection":[{"href":"https:\/\/rapido.se\/index.php?rest_route=\/wp\/v2\/pages"}],"about":[{"href":"https:\/\/rapido.se\/index.php?rest_route=\/wp\/v2\/types\/page"}],"author":[{"embeddable":true,"href":"https:\/\/rapido.se\/index.php?rest_route=\/wp\/v2\/users\/1"}],"replies":[{"embeddable":true,"href":"https:\/\/rapido.se\/index.php?rest_route=%2Fwp%2Fv2%2Fcomments&post=127"}],"version-history":[{"count":17,"href":"https:\/\/rapido.se\/index.php?rest_route=\/wp\/v2\/pages\/127\/revisions"}],"predecessor-version":[{"id":3953,"href":"https:\/\/rapido.se\/index.php?rest_route=\/wp\/v2\/pages\/127\/revisions\/3953"}],"wp:attachment":[{"href":"https:\/\/rapido.se\/index.php?rest_route=%2Fwp%2Fv2%2Fmedia&parent=127"}],"curies":[{"name":"wp","href":"https:\/\/api.w.org\/{rel}","templated":true}]}}