{"id":1147,"date":"2019-11-03T21:48:50","date_gmt":"2019-11-03T20:48:50","guid":{"rendered":"https:\/\/rapido.se\/?page_id=1147"},"modified":"2020-05-12T22:34:59","modified_gmt":"2020-05-12T20:34:59","slug":"kontakt","status":"publish","type":"page","link":"https:\/\/rapido.se\/?page_id=1147","title":{"rendered":"Kontakt"},"content":{"rendered":"\n<p><\/p>\n\n\n\n<h4 class=\"wp-block-heading\">Bes\u00f6k och postadress<\/h4>\n\n\n\n<p>Rapido MCK Stockholm<br>Skansbacken 4<br>120 30 Stockholm<br>Tel: 08-648 83 55<\/p>\n\n\n\n<p>Facebook \u2013\u00a0<a rel=\"noreferrer noopener\" href=\"https:\/\/facebook.com\/140195606065072\" target=\"_blank\">Rapido MCK Stockholm<\/a><\/p>\n\n\n\n<h4 class=\"wp-block-heading\">E-postadresser<\/h4>\n\n\n\n<p><a href=\"mailto:info@rapido.se\">info@rapido.se<\/a> E-post till klubben<br><a href=\"mailto:ordforande@rapido.se\">ordforande@rapido.se<\/a>\u00a0E-post till ordf\u00f6rande<br><a href=\"mailto:kassor@rapido.se\">kassor@rapido.se<\/a> E-post till kass\u00f6ren<br><a href=\"mailto:bandagar@rapido.se\">bandagar@rapido.se<\/a> E-post till bank\u00f6rningskommitt\u00e9n<br><a href=\"mailto:register@rapido.se\">register@rapido.se<\/a> E-post till medlemsregistret<br><a href=\"mailto:webmaster@rapido.se\">webmaster<\/a><a href=\"mailto:webbmaster@rapido.se\">@rapido.se<\/a> E-post till webmaster f\u00f6r Rapidos hemsida<\/p>\n","protected":false},"excerpt":{"rendered":"<p>Bes\u00f6k och postadress Rapido MCK StockholmSkansbacken 4120 30 StockholmTel: 08-648 83 55 Facebook \u2013\u00a0Rapido MCK Stockholm E-postadresser info@rapido.se E-post till klubbenordforande@rapido.se\u00a0E-post till ordf\u00f6randekassor@rapido.se E-post till kass\u00f6renbandagar@rapido.se E-post till bank\u00f6rningskommitt\u00e9nregister@rapido.se E-post till medlemsregistretwebmaster@rapido.se E-post till webmaster f\u00f6r Rapidos hemsida<\/p>\n","protected":false},"author":1,"featured_media":0,"parent":0,"menu_order":0,"comment_status":"closed","ping_status":"closed","template":"","meta":{"_acf_changed":false,"footnotes":""},"class_list":["post-1147","page","type-page","status-publish","hentry","entry"],"acf":[],"_links":{"self":[{"href":"https:\/\/rapido.se\/index.php?rest_route=\/wp\/v2\/pages\/1147","targetHints":{"allow":["GET"]}}],"collection":[{"href":"https:\/\/rapido.se\/index.php?rest_route=\/wp\/v2\/pages"}],"about":[{"href":"https:\/\/rapido.se\/index.php?rest_route=\/wp\/v2\/types\/page"}],"author":[{"embeddable":true,"href":"https:\/\/rapido.se\/index.php?rest_route=\/wp\/v2\/users\/1"}],"replies":[{"embeddable":true,"href":"https:\/\/rapido.se\/index.php?rest_route=%2Fwp%2Fv2%2Fcomments&post=1147"}],"version-history":[{"count":3,"href":"https:\/\/rapido.se\/index.php?rest_route=\/wp\/v2\/pages\/1147\/revisions"}],"predecessor-version":[{"id":1719,"href":"https:\/\/rapido.se\/index.php?rest_route=\/wp\/v2\/pages\/1147\/revisions\/1719"}],"wp:attachment":[{"href":"https:\/\/rapido.se\/index.php?rest_route=%2Fwp%2Fv2%2Fmedia&parent=1147"}],"curies":[{"name":"wp","href":"https:\/\/api.w.org\/{rel}","templated":true}]}}